{"id":33616,"date":"2025-12-02T14:42:42","date_gmt":"2025-12-02T11:42:42","guid":{"rendered":"https:\/\/www.freyaestetica.com\/?page_id=33616"},"modified":"2025-12-02T14:42:46","modified_gmt":"2025-12-02T11:42:46","slug":"right-to-exchange","status":"publish","type":"page","link":"https:\/\/www.freyaestetica.com\/en\/right-to-exchange\/","title":{"rendered":"Right to Exchange"},"content":{"rendered":"<p>[et_pb_section fb_built=&#8221;1&#8243; _builder_version=&#8221;4.27.4&#8243; _module_preset=&#8221;default&#8221; global_colors_info=&#8221;{}&#8221;][et_pb_row _builder_version=&#8221;4.27.4&#8243; _module_preset=&#8221;default&#8221; global_colors_info=&#8221;{}&#8221;][et_pb_column type=&#8221;4_4&#8243; _builder_version=&#8221;4.27.4&#8243; _module_preset=&#8221;default&#8221; global_colors_info=&#8221;{}&#8221;][et_pb_text _builder_version=&#8221;4.27.4&#8243; _module_preset=&#8221;default&#8221; hover_enabled=&#8221;0&#8243; global_colors_info=&#8221;{}&#8221; sticky_enabled=&#8221;0&#8243;]<\/p>\n<h1>Right to Exchange \u2014 Flexibility for Your Beauty<\/h1>\n<p>We understand that every procedure is individual. That\u2019s why we offer the <strong>right to exchange services<\/strong>: you can replace a chosen procedure with another of the same or similar value.<\/p>\n<p><strong>When it\u2019s useful:<\/strong><br \/>\n\u2022\tUnsure about a discounted service.<br \/>\n\u2022\tWant to book in advance and lock in a price.<br \/>\n\u2022\tGifting a certificate and want to leave freedom of choice.<\/p>\n<p><strong>How it works:<\/strong><br \/>\n\u2022\tSpecialist consultation \u2192 selection of an alternative<br \/>\n\u2022\tPrice difference applies only if exchanged for a more expensive service<br \/>\n\u2022\tIf exchanged for a cheaper service \u2014 funds are kept as a deposit<\/p>\n<p> The right to exchange applies to both regular services and gift certificates.<\/p>\n<p><strong>Conclusion:<\/strong> The right to exchange gives you confidence and freedom. At Freya Estetica, we create beauty that always meets your expectations.[\/et_pb_text][\/et_pb_column][\/et_pb_row][\/et_pb_section]<\/p>\n","protected":false},"excerpt":{"rendered":"<p>Right to Exchange \u2014 Flexibility for Your Beauty We understand that every procedure is individual. That\u2019s why we offer the right to exchange services: you can replace a chosen procedure with another of the same or similar value. When it\u2019s useful: \u2022 Unsure about a discounted service. \u2022 Want to book in advance and lock [&hellip;]<\/p>\n","protected":false},"author":1,"featured_media":0,"parent":0,"menu_order":0,"comment_status":"closed","ping_status":"closed","template":"","meta":{"_et_pb_use_builder":"on","_et_pb_old_content":"[et_pb_section fb_built=\"1\" _builder_version=\"4.27.4\" _module_preset=\"default\" global_colors_info=\"{}\"][et_pb_row _builder_version=\"4.27.4\" _module_preset=\"default\" global_colors_info=\"{}\"][et_pb_column type=\"4_4\" _builder_version=\"4.27.4\" _module_preset=\"default\" global_colors_info=\"{}\"][et_pb_text _builder_version=\"4.27.4\" _module_preset=\"default\" hover_enabled=\"0\" global_colors_info=\"{}\" sticky_enabled=\"0\"]<h1>Vaihto-oikeus \u2014 joustavuutta kauneuteesi<\/h1>\r\nYmm\u00e4rr\u00e4mme, ett\u00e4 jokainen hoito on yksil\u00f6llinen. Siksi tarjoamme <strong>vaihto-oikeuden<\/strong>: voit vaihtaa valitsemasi hoidon toiseen samanarvoiseen hoitoon.\r\n\r\n<strong>Milloin t\u00e4m\u00e4 on hy\u00f6dyllist\u00e4:<\/strong>\r\n\u2022 \tEp\u00e4varmuutta alennettuun palveluun liittyen\r\n\u2022\tHalu varata hoito etuk\u00e4teen ja lukita hinta\r\n\u2022\tLahjakortin antaminen ja halu antaa valinnanvapautta\r\n\r\n\r\n<strong>Kuinka se toimii:<\/strong>\r\n\u2022\tKonsultaatio asiantuntijan kanssa \u2192 vaihtoehdon valinta\r\n\u2022\tHinnan erotus maksetaan vain, jos vaihdetaan kalliimpaan hoitoon\r\n\u2022\tHalvempaan hoitoon vaihdettaessa summa s\u00e4ilytet\u00e4\u00e4n talletuksena seuraavaa k\u00e4ynti\u00e4 varten\r\n\r\nVaihto-oikeus koskee sek\u00e4 tavallisia palveluja ett\u00e4 lahjakortteja.\r\n\r\n<strong>Yhteenveto:<\/strong> Vaihto-oikeus antaa sinulle varmuutta ja vapautta. Freya Estetica luo kauneutta, joka vastaa aina odotuksiasi.[\/et_pb_text][\/et_pb_column][\/et_pb_row][\/et_pb_section]","_et_gb_content_width":"","footnotes":""},"dipi_cpt_category":[],"class_list":["post-33616","page","type-page","status-publish","hentry"],"_links":{"self":[{"href":"https:\/\/www.freyaestetica.com\/en\/wp-json\/wp\/v2\/pages\/33616","targetHints":{"allow":["GET"]}}],"collection":[{"href":"https:\/\/www.freyaestetica.com\/en\/wp-json\/wp\/v2\/pages"}],"about":[{"href":"https:\/\/www.freyaestetica.com\/en\/wp-json\/wp\/v2\/types\/page"}],"author":[{"embeddable":true,"href":"https:\/\/www.freyaestetica.com\/en\/wp-json\/wp\/v2\/users\/1"}],"replies":[{"embeddable":true,"href":"https:\/\/www.freyaestetica.com\/en\/wp-json\/wp\/v2\/comments?post=33616"}],"version-history":[{"count":2,"href":"https:\/\/www.freyaestetica.com\/en\/wp-json\/wp\/v2\/pages\/33616\/revisions"}],"predecessor-version":[{"id":33619,"href":"https:\/\/www.freyaestetica.com\/en\/wp-json\/wp\/v2\/pages\/33616\/revisions\/33619"}],"wp:attachment":[{"href":"https:\/\/www.freyaestetica.com\/en\/wp-json\/wp\/v2\/media?parent=33616"}],"wp:term":[{"taxonomy":"dipi_cpt_category","embeddable":true,"href":"https:\/\/www.freyaestetica.com\/en\/wp-json\/wp\/v2\/dipi_cpt_category?post=33616"}],"curies":[{"name":"wp","href":"https:\/\/api.w.org\/{rel}","templated":true}]}}