{"id":26668,"date":"2017-04-20T09:38:35","date_gmt":"2017-04-20T07:38:35","guid":{"rendered":"https:\/\/www.freyaestetica.com\/fi\/?page_id=26668"},"modified":"2026-04-08T12:39:59","modified_gmt":"2026-04-08T09:39:59","slug":"palvelut","status":"publish","type":"page","link":"https:\/\/www.freyaestetica.com\/fi\/palvelut\/","title":{"rendered":"Palvelut"},"content":{"rendered":"<p>[et_pb_section fb_built=&#8221;1&#8243; _builder_version=&#8221;4.27.6&#8243; _module_preset=&#8221;default&#8221; global_colors_info=&#8221;{}&#8221;][et_pb_row _builder_version=&#8221;4.27.6&#8243; _module_preset=&#8221;default&#8221; global_colors_info=&#8221;{}&#8221;][et_pb_column type=&#8221;4_4&#8243; _builder_version=&#8221;4.27.6&#8243; _module_preset=&#8221;default&#8221; global_colors_info=&#8221;{}&#8221;][et_pb_text _builder_version=&#8221;4.27.6&#8243; _module_preset=&#8221;default&#8221; global_colors_info=&#8221;{}&#8221;]<\/p>\n<h1>Palvelut<\/h1>\n<p>[\/et_pb_text][\/et_pb_column][\/et_pb_row][et_pb_row admin_label=&#8221;\u0410\u043f\u043f\u0430\u0440\u0430\u0442\u043d\u044b\u0435 \u043f\u0440\u043e\u0446\u0435\u0434\u0443\u0440&#8221; _builder_version=&#8221;4.27.6&#8243; _module_preset=&#8221;default&#8221; background_enable_color=&#8221;off&#8221; custom_margin=&#8221;||50px||false|false&#8221; global_colors_info=&#8221;{}&#8221;][et_pb_column type=&#8221;4_4&#8243; _builder_version=&#8221;4.27.6&#8243; _module_preset=&#8221;default&#8221; global_colors_info=&#8221;{}&#8221;][et_pb_text _builder_version=&#8221;4.27.6&#8243; _module_preset=&#8221;default&#8221; global_colors_info=&#8221;{}&#8221;]<\/p>\n<h2>Laitehoidot<\/h2>\n<p><i class=\"fas fa-angle-double-right\"><\/i> <strong>Ruusufinni ja Couperosa hoito<\/strong> &#8211; IPL laser<br \/>\n<a href=\"https:\/\/www.freyaestetica.com\/fi\/ruusufinni-hoito\/\">Lue lis\u00e4\u00e4<\/a><\/p>\n<p><i class=\"fas fa-angle-double-right\"><\/i> <strong>IPL lasers\u00e4teilyn avulla<\/strong> &#8211; Nyt t\u00e4st\u00e4 menetelm\u00e4st\u00e4 on tullut viel\u00e4 t\u00e4ydellisempi!<br \/>\n<a href=\"https:\/\/www.freyaestetica.com\/fi\/ipl-lasersateilyn-avulla\/\">Lue lis\u00e4\u00e4<\/a><\/p>\n<p><i class=\"fas fa-angle-double-right\"><\/i> <strong> Laserhoidot<\/strong> &#8211; Tehokas hoitomuoto akneen, herpekseen, ruusufinneille, herpekselle, finneille ja muille.<br \/>\n<a href=\"https:\/\/www.freyaestetica.com\/fi\/laserhoidot\/\">Lue lis\u00e4\u00e4<\/a><\/p>\n<p><i class=\"fas fa-angle-double-right\"><\/i> <strong>IPL laserhoidot<\/strong> &#8211; Fotoepilaatio, Foto-ihon nuorennus, Verisuonien hoito, Aknen hoito, Pigmenttil\u00e4iskien hoito<br \/>\n<a href=\"https:\/\/www.freyaestetica.com\/fi\/ipl-laser\/\">Lue lis\u00e4\u00e4<\/a><\/p>\n<p><i class=\"fas fa-angle-double-right\"><\/i> <strong>RF Lifting Exilis Elite<\/strong> -laitteella on nykyaikainen hoito ik\u00e4\u00e4ntymismuutosten korjaamiseen, ihon l\u00f6ysyyden v\u00e4hent\u00e4miseen, kiinteytt\u00e4miseen ja laadun parantamiseen.<br \/>\n<a href=\"https:\/\/www.freyaestetica.com\/fi\/exilis\/\">Lue lis\u00e4\u00e4<\/a><\/p>\n<p><i class=\"fas fa-angle-double-right\"><\/i> <strong>Mikroneulaus (dermapen)<\/strong> &#8211; Ainutlaatuinen tekniikka ihon laadun parantamiseen: jokainen mikropistos k\u00e4ynnist\u00e4\u00e4 luonnollisen kosteutuksen ja nuorentumisen aallon<br \/>\n<a href=\"https:\/\/www.freyaestetica.com\/fi\/mikroneulaus\/\">Lue lis\u00e4\u00e4<\/a><\/p>\n<p><i class=\"fas fa-angle-double-right\"><\/i> <strong>Mesoterapia ilman neuloja<\/strong> &#8211; Kaunis ja nuori iho ilman injektioita, kun ensimm\u00e4inen menettely<br \/>\n<a href=\"https:\/\/www.freyaestetica.com\/fi\/mesoterapia-ilman-neuloja\/\">Lue lis\u00e4\u00e4<\/a><\/p>\n<p><i class=\"fas fa-angle-double-right\"><\/i> <strong>\u041dEi-invasiivinen h\u00e4pyhuulien pienennysleikkaus PROT\u00c9G\u00c9 INTIMO<\/strong> &#8211; Ensimm\u00e4inen ei-kirurginen, ei h\u00e4iritsev\u00e4 pienennys h\u00e4pyhuulille joka kasvattaa my\u00f6s seksuaalisia haluja<br \/>\n<a href=\"https:\/\/www.freyaestetica.com\/fi\/protege-intimo\/\">Lue lis\u00e4\u00e4<\/a><\/p>\n<p><i class=\"fas fa-angle-double-right\"><\/i> <strong>Selluliittihoito Lymphastim<\/strong> &#8211; Yksi uniikeimmista menetelmist\u00e4 taistelussa selluliittia vastaan, liikalihavuuteen ja turvotukseen<br \/>\n<a href=\"https:\/\/www.freyaestetica.com\/fi\/selluliittihoito-lymphastim\/\">Lue lis\u00e4\u00e4<\/a><\/p>\n<p><i class=\"fas fa-angle-double-right\"><\/i> <strong>S\u00e4hk\u00f6magneettinen lihasten stimulaatio EMBODY-laitteella<\/strong> &#8211; Mahdollisuus saada unelmiesi figuuri BTL EMBODYlla<br \/>\n<a href=\"https:\/\/www.freyaestetica.com\/fi\/btl-embody\/\">Lue lis\u00e4\u00e4<\/a>[\/et_pb_text][\/et_pb_column][\/et_pb_row][et_pb_row admin_label=&#8221;\u041a\u043e\u043c\u0431\u0438\u043d\u0438\u0440\u043e\u0432\u0430\u043d\u043d\u044b\u0435 \u043f\u0440\u043e\u0446\u0435\u0434\u0443\u0440\u044b&#8221; _builder_version=&#8221;4.27.6&#8243; _module_preset=&#8221;default&#8221; background_enable_color=&#8221;off&#8221; custom_margin=&#8221;||50px||false|false&#8221; global_colors_info=&#8221;{}&#8221;][et_pb_column type=&#8221;4_4&#8243; _builder_version=&#8221;4.27.6&#8243; _module_preset=&#8221;default&#8221; global_colors_info=&#8221;{}&#8221;][et_pb_text _builder_version=&#8221;4.27.6&#8243; _module_preset=&#8221;default&#8221; global_colors_info=&#8221;{}&#8221;]<\/p>\n<h2>Yhdistetyt menettelyt<\/h2>\n<p><i class=\"fas fa-angle-double-right\"><\/i> <strong>Tehokas ik\u00e4\u00e4ntymist\u00e4 ehk\u00e4isev\u00e4 hoito<\/strong> aminohapoilla ja syv\u00e4kosteutuksella \u2013 teknologian ja k\u00e4sity\u00f6n synergia<br \/>\n<a href=\"https:\/\/www.freyaestetica.com\/fi\/tehokas-ikaantymista-ehkaiseva-hoito\/\">Lue lis\u00e4\u00e4<\/a><\/p>\n<p><i class=\"fas fa-angle-double-right\"><\/i> <strong>Aqua Hydra Facial<\/strong> &#8211; syv\u00e4puhdistus, kosteutus ja ihon luonnollinen hehku<br \/>\n<a href=\"https:\/\/www.freyaestetica.com\/fi\/aqua-hydra-facial-cleaning\/\">Lue lis\u00e4\u00e4<\/a><\/p>\n<p><i class=\"fas fa-angle-double-right\"><\/i> <strong>Hell\u00e4 couperosa-hoito:<\/strong> laitehoito + manuaaliset tekniikat ihon maksimaaliseen rauhoittamiseen<br \/>\n<a href=\"https:\/\/www.freyaestetica.com\/fi\/hella-couperosa-hoito\/\">Lue lis\u00e4\u00e4<\/a><\/p>\n<p><i class=\"fas fa-angle-double-right\"><\/i> <strong>Kokonaisvaltainen hoito rasvaiselle ja ongelmaiholle<\/strong> laitehoidon ja k\u00e4sittelyn yhdistelm\u00e4<br \/>\n<a href=\"https:\/\/www.freyaestetica.com\/fi\/kokonaisvaltainen-hoito-rasvaiselle-ja-ongelmaiholle\/\">Lue lis\u00e4\u00e4<\/a><\/p>\n<p><i class=\"fas fa-angle-double-right\"><\/i> <strong>S\u00e4teilev\u00e4 iho ilman pigmentaatiota<\/strong>&#8211; teknologian ja k\u00e4sin tehdyn hoidon ainutlaatuinen liitto<br \/>\n<a href=\"https:\/\/www.freyaestetica.com\/fi\/sateileva-iho-ilman-pigmentaatiota-teknologian-ja-kasin-tehdyn-hoidon-ainutlaatuinen-liitto\/\">Lue lis\u00e4\u00e4<\/a>[\/et_pb_text][\/et_pb_column][\/et_pb_row][et_pb_row admin_label=&#8221;\u041f\u0438\u043b\u0438\u043d\u0433\u0438&#8221; _builder_version=&#8221;4.27.6&#8243; _module_preset=&#8221;default&#8221; background_enable_color=&#8221;off&#8221; custom_margin=&#8221;||50px||false|false&#8221; global_colors_info=&#8221;{}&#8221;][et_pb_column type=&#8221;4_4&#8243; _builder_version=&#8221;4.27.6&#8243; _module_preset=&#8221;default&#8221; global_colors_info=&#8221;{}&#8221;][et_pb_text _builder_version=&#8221;4.27.6&#8243; _module_preset=&#8221;default&#8221; global_colors_info=&#8221;{}&#8221;]<\/p>\n<h2>Kuoret<\/h2>\n<p><i class=\"fas fa-angle-double-right\"><\/i> <strong>Enkelikuorinta<\/strong> v\u00e4litt\u00f6m\u00e4\u00e4n muodonmuutokseen \u2013 WOW-vaikutteinen hoito. Tunnetulta etel\u00e4korealaiselta Jeuderm-br\u00e4ndilt\u00e4<br \/>\n<a href=\"https:\/\/www.freyaestetica.com\/fi\/enkelikuorinta\/\">Lue lis\u00e4\u00e4<\/a><\/p>\n<p><i class=\"fas fa-angle-double-right\"><\/i> <strong>Kemiallinen kuorinta NeoGlis<\/strong> &#8211; Sinun kasvosi n\u00e4ytt\u00e4v\u00e4t kauniimmilta ja terveemmilt\u00e4 jo nelj\u00e4n hoitokerran j\u00e4lkeen.<br \/>\n<a href=\"https:\/\/www.freyaestetica.com\/fi\/kemiallinen-kuorinta-neoglis\/\">Lue lis\u00e4\u00e4<\/a><\/p>\n<p><i class=\"fas fa-angle-double-right\"><\/i> <strong>DR.Schrammek Green-Peel<\/strong> &#8211; Uusi iho vain 5 p\u00e4iv\u00e4ss\u00e4<br \/>\n<a href=\"https:\/\/www.freyaestetica.com\/fi\/dr-schrammek\/\">Lue lis\u00e4\u00e4<\/a><\/p>\n<p><i class=\"fas fa-angle-double-right\"><\/i> <strong>BioRePeelCl3<\/strong> &#8211; biorevitalisoiva ja kuoriva vaikutus yhdess\u00e4 valmisteessa<br \/>\n<a href=\"https:\/\/www.freyaestetica.com\/fi\/biorepeelcl3\/\">Lue lis\u00e4\u00e4<\/a><\/p>\n<p><i class=\"fas fa-angle-double-right\"><\/i> <strong> Rubiinikuorintaa EXFOSiL Ruby<\/strong> &#8211; 3D-nuorentaminen ja uudistaminen rubiinikuorinnalla.<br \/>\n<a href=\"https:\/\/www.freyaestetica.com\/fi\/rubiinikuorintaa\/\">Lue lis\u00e4\u00e4<\/a>[\/et_pb_text][\/et_pb_column][\/et_pb_row][et_pb_row admin_label=&#8221;\u041f\u0440\u043e\u0446\u0435\u0434\u0443\u0440\u044b \u0434\u043b\u044f \u043b\u0438\u0446\u0430&#8221; _builder_version=&#8221;4.27.6&#8243; _module_preset=&#8221;default&#8221; background_enable_color=&#8221;off&#8221; custom_margin=&#8221;||50px||false|false&#8221; global_colors_info=&#8221;{}&#8221;][et_pb_column type=&#8221;4_4&#8243; _builder_version=&#8221;4.27.6&#8243; _module_preset=&#8221;default&#8221; global_colors_info=&#8221;{}&#8221;][et_pb_text _builder_version=&#8221;4.27.6&#8243; _module_preset=&#8221;default&#8221; global_colors_info=&#8221;{}&#8221;]<\/p>\n<h2>Kasvohoidot<\/h2>\n<p><i class=\"fas fa-angle-double-right\"><\/i> <strong>Kasvohoidot<\/strong><br \/>\n<a href=\"https:\/\/www.freyaestetica.com\/fi\/kasvohoito\/\">Lue lis\u00e4\u00e4<\/a><\/p>\n<p><i class=\"fas fa-angle-double-right\"><\/i> <strong>Kasvojen puhdistus<\/strong><br \/>\n<a href=\"https:\/\/www.freyaestetica.com\/fi\/kasvojen-puhdistus\/\">Lue lis\u00e4\u00e4<\/a><\/p>\n<p><i class=\"fas fa-angle-double-right\"><\/i> <strong>Aqua Hydra Facial<\/strong> &#8211; syv\u00e4puhdistus, kosteutus ja ihon luonnollinen hehku<br \/>\n<a href=\"https:\/\/www.freyaestetica.com\/fi\/aqua-hydra-facial-cleaning\/\">Lue lis\u00e4\u00e4<\/a><\/p>\n<p><i class=\"fas fa-angle-double-right\"><\/i> <strong> Carboxytherapy <\/strong> &#8211; yksi tehokkaimmista ja turvallisimmista hoidoista nykykosmetiikassa<br \/>\n<a href=\"https:\/\/www.freyaestetica.com\/fi\/carboxytherapy\/\">Lue lis\u00e4\u00e4<\/a><\/p>\n<p><i class=\"fas fa-angle-double-right\"><\/i> <strong>Melano White<\/strong> -kasvohoito hyperpigmentaatiolla, Dr. Schrammek<br \/>\n<a href=\"https:\/\/www.freyaestetica.com\/fi\/melano-white\/\">Lue lis\u00e4\u00e4<\/a>[\/et_pb_text][\/et_pb_column][\/et_pb_row][et_pb_row admin_label=&#8221;\u041f\u0440\u043e\u0446\u0435\u0434\u0443\u0440\u044b \u0434\u043b\u044f \u0442\u0435\u043b\u0430&#8221; _builder_version=&#8221;4.27.6&#8243; _module_preset=&#8221;default&#8221; background_enable_color=&#8221;off&#8221; custom_margin=&#8221;||50px||false|false&#8221; global_colors_info=&#8221;{}&#8221;][et_pb_column type=&#8221;4_4&#8243; _builder_version=&#8221;4.27.6&#8243; _module_preset=&#8221;default&#8221; global_colors_info=&#8221;{}&#8221;][et_pb_text _builder_version=&#8221;4.27.6&#8243; _module_preset=&#8221;default&#8221; global_colors_info=&#8221;{}&#8221;]<\/p>\n<h2>Vartalohoidot<\/h2>\n<p><i class=\"fas fa-angle-double-right\"><\/i> <strong>Laihduttava kiinteytyv\u00e4<\/strong> lev\u00e4haude vartalolle<br \/>\n<a href=\"https:\/\/www.freyaestetica.com\/fi\/laihduttava-kiinteytyva-levahaude-vartalolle\/\">Lue lis\u00e4\u00e4<\/a><\/p>\n<p><i class=\"fas fa-angle-double-right\"><\/i> <strong> Hieronta <\/strong> &#8211; Terveytt\u00e4 ja hyvinvointia ei voi mitata rahassa. Joten paras investointi sinuun itseesi, vartaloosi ja rauhallisille ajatuksille ja aikaa itselle on hieronta<br \/>\n<a href=\"https:\/\/www.freyaestetica.com\/fi\/hieronta\/\">Lue lis\u00e4\u00e4<\/a><\/p>\n<p><i class=\"fas fa-angle-double-right\"><\/i> <strong>Selluliitinvastainen kasvihaude vartalolle<\/strong> &#8211; Her\u00e4t\u00e4 vartalosi energia ja anna itsellesi silkkinen ja pehme\u00e4 iho<br \/>\n<a href=\"https:\/\/www.freyaestetica.com\/fi\/selluliitinvastainen-kasvihaude-vartalolle\/\">Lue lis\u00e4\u00e4<\/a><\/p>\n<p><i class=\"fas fa-angle-double-right\"><\/i> <strong>Ei-invasiivinen kehon mesoterapia Lypo Kontour<\/strong> &#8211; Teemme sinulle t\u00e4ydellisen vartalon!<br \/>\n<a href=\"https:\/\/www.freyaestetica.com\/fi\/lypo-kontour\/\">Lue lis\u00e4\u00e4<\/a><\/p>\n<p><i class=\"fas fa-angle-double-right\"><\/i> <strong>RF Lifting Exilis Elite<\/strong> &#8211; laitteella on nykyaikainen hoito ik\u00e4\u00e4ntymismuutosten korjaamiseen, ihon l\u00f6ysyyden v\u00e4hent\u00e4miseen, kiinteytt\u00e4miseen ja laadun parantamiseen<br \/>\n<a href=\"https:\/\/www.freyaestetica.com\/fi\/exilis\/\">Lue lis\u00e4\u00e4<\/a><\/p>\n<p><i class=\"fas fa-angle-double-right\"><\/i> <strong>S\u00e4hk\u00f6magneettinen lihasten stimulaatio EMBODY-laitteella<\/strong> &#8211; Mahdollisuus saada unelmiesi figuuri BTL EMBODYlla<br \/>\n<a href=\"https:\/\/www.freyaestetica.com\/fi\/btl-embody\/\">Lue lis\u00e4\u00e4<\/a><\/p>\n<p><i class=\"fas fa-angle-double-right\"><\/i> <strong>Selluliittihoito Lymphastim<\/strong> &#8211; Yksi uniikeimmista menetelmist\u00e4 taistelussa selluliittia vastaan, liikalihavuuteen ja turvotukseen<br \/>\n<a href=\"https:\/\/www.freyaestetica.com\/fi\/selluliittihoito-lymphastim\/\">Lue lis\u00e4\u00e4<\/a><\/p>\n<p><i class=\"fas fa-angle-double-right\"><\/i> <strong>Ei-invasiivinen h\u00e4pyhuulien pienennysleikkaus PROT\u00c9G\u00c9 INTIMO<\/strong> &#8211; Ensimm\u00e4inen ei-kirurginen, ei h\u00e4iritsev\u00e4 pienennys h\u00e4pyhuulille joka kasvattaa my\u00f6s seksuaalisia haluja<br \/>\n<a href=\"https:\/\/www.freyaestetica.com\/fi\/protege-intimo\/\">Lue lis\u00e4\u00e4<\/a>[\/et_pb_text][\/et_pb_column][\/et_pb_row][et_pb_row admin_label=&#8221;\u0418\u043d\u044a\u0435\u043a\u0446\u0438\u0438&#8221; _builder_version=&#8221;4.27.6&#8243; _module_preset=&#8221;default&#8221; background_enable_color=&#8221;off&#8221; custom_margin=&#8221;||50px||false|false&#8221; global_colors_info=&#8221;{}&#8221;][et_pb_column type=&#8221;4_4&#8243; _builder_version=&#8221;4.27.6&#8243; _module_preset=&#8221;default&#8221; global_colors_info=&#8221;{}&#8221;][et_pb_text _builder_version=&#8221;4.27.6&#8243; _module_preset=&#8221;default&#8221; global_colors_info=&#8221;{}&#8221;]<\/p>\n<h2>Kauneuspistokset<\/h2>\n<p><i class=\"fas fa-angle-double-right\"><\/i> <strong> Biorevitalisaatio <\/strong> &#8211; Biorevitalization kosteuttaa ihon, tasoittaa ihons\u00e4vy\u00e4, ja tasaa lopputuloksen<br \/>\n<a href=\"https:\/\/www.freyaestetica.com\/fi\/biorevitalisaatio\/\">Lue lis\u00e4\u00e4<\/a>[\/et_pb_text][\/et_pb_column][\/et_pb_row][et_pb_row admin_label=&#8221;\u0414\u0440\u0443\u0433\u043e\u0435&#8221; _builder_version=&#8221;4.27.6&#8243; _module_preset=&#8221;default&#8221; background_enable_color=&#8221;off&#8221; custom_margin=&#8221;||50px||false|false&#8221; global_colors_info=&#8221;{}&#8221;][et_pb_column type=&#8221;4_4&#8243; _builder_version=&#8221;4.27.6&#8243; _module_preset=&#8221;default&#8221; global_colors_info=&#8221;{}&#8221;][et_pb_text _builder_version=&#8221;4.27.6&#8243; _module_preset=&#8221;default&#8221; global_colors_info=&#8221;{}&#8221;]<i class=\"fas fa-angle-double-right\"><\/i> <strong> Kestopigmentointi <\/strong> &#8211; Nykyaikainen mikropigmentointi on kuvaus luonnollisesta kauneudesta.<br \/>\n<a href=\"https:\/\/www.freyaestetica.com\/fi\/kestopigmentointi\/\">Lue lis\u00e4\u00e4<\/a><\/p>\n<p><i class=\"fas fa-angle-double-right\"><\/i> <strong>Karvan poisto<\/strong> &#8211; Karvojen poistossa jo 3 viikon j\u00e4lkeen huomattavia tuloksia kasvussa<br \/>\n<a href=\"https:\/\/www.freyaestetica.com\/fi\/karvan-poisto\/\">Lue lis\u00e4\u00e4<\/a><\/p>\n<p><i class=\"fas fa-angle-double-right\"><\/i> <strong>Kulmien ja ripsien v\u00e4rj\u00e4ys<\/strong> &#8211; V\u00e4rj\u00e4ykset, ripsipermanenttit sek\u00e4 ripsipidennykset<br \/>\n<a href=\"https:\/\/www.freyaestetica.com\/fi\/kulmien-ja-ripsien-varjays\/\">Lue lis\u00e4\u00e4<\/a><\/p>\n<p><i class=\"fas fa-angle-double-right\"><\/i> <strong>Kulmakarvojen laminointi<\/strong> &#8211; soveltuu hyvin niille, joiden kulmakarvat irtoavat tai eiv\u00e4t pysy n\u00e4tiss\u00e4 muodossa<br \/>\n<a href=\"https:\/\/www.freyaestetica.com\/fi\/kulmakarvojen-laminointi\/\">Lue lis\u00e4\u00e4<\/a><\/p>\n<p><i class=\"fas fa-angle-double-right\"><\/i> <strong> Pedikyyri <\/strong> ja ammattimainen jalkojenhoito<br \/>\n<a href=\"https:\/\/www.freyaestetica.com\/fi\/jalkojenhoito\/\">Lue lis\u00e4\u00e4<\/a><\/p>\n<p><i class=\"fas fa-angle-double-right\"><\/i> <strong>Manikyyri <\/strong> &#8211; kauneutta ja hoivaa k\u00e4sillesi<br \/>\n<a href=\"https:\/\/www.freyaestetica.com\/fi\/kasienhoito\/\">Lue lis\u00e4\u00e4<\/a><\/p>\n<p><i class=\"fas fa-angle-double-right\"><\/i> <strong> Korval\u00e4vistys <\/strong> &#8211; Kivuton, nopea ja edullinen hoitomuoto<br \/>\n<a href=\"https:\/\/www.freyaestetica.com\/fi\/korvalavistys\/\">Lue lis\u00e4\u00e4<\/a>[\/et_pb_text][\/et_pb_column][\/et_pb_row][\/et_pb_section]<\/p>\n","protected":false},"excerpt":{"rendered":"<p>PalvelutLaitehoidot Ruusufinni ja Couperosa hoito &#8211; IPL laser Lue lis\u00e4\u00e4 IPL lasers\u00e4teilyn avulla &#8211; Nyt t\u00e4st\u00e4 menetelm\u00e4st\u00e4 on tullut viel\u00e4 t\u00e4ydellisempi! Lue lis\u00e4\u00e4 Laserhoidot &#8211; Tehokas hoitomuoto akneen, herpekseen, ruusufinneille, herpekselle, finneille ja muille. Lue lis\u00e4\u00e4 IPL laserhoidot &#8211; Fotoepilaatio, Foto-ihon nuorennus, Verisuonien hoito, Aknen hoito, Pigmenttil\u00e4iskien hoito Lue lis\u00e4\u00e4 RF Lifting Exilis Elite -laitteella [&hellip;]<\/p>\n","protected":false},"author":1,"featured_media":0,"parent":0,"menu_order":0,"comment_status":"closed","ping_status":"closed","template":"","meta":{"_et_pb_use_builder":"on","_et_pb_old_content":"","_et_gb_content_width":"","footnotes":""},"dipi_cpt_category":[],"class_list":["post-26668","page","type-page","status-publish","hentry"],"_links":{"self":[{"href":"https:\/\/www.freyaestetica.com\/fi\/wp-json\/wp\/v2\/pages\/26668","targetHints":{"allow":["GET"]}}],"collection":[{"href":"https:\/\/www.freyaestetica.com\/fi\/wp-json\/wp\/v2\/pages"}],"about":[{"href":"https:\/\/www.freyaestetica.com\/fi\/wp-json\/wp\/v2\/types\/page"}],"author":[{"embeddable":true,"href":"https:\/\/www.freyaestetica.com\/fi\/wp-json\/wp\/v2\/users\/1"}],"replies":[{"embeddable":true,"href":"https:\/\/www.freyaestetica.com\/fi\/wp-json\/wp\/v2\/comments?post=26668"}],"version-history":[{"count":4,"href":"https:\/\/www.freyaestetica.com\/fi\/wp-json\/wp\/v2\/pages\/26668\/revisions"}],"predecessor-version":[{"id":34890,"href":"https:\/\/www.freyaestetica.com\/fi\/wp-json\/wp\/v2\/pages\/26668\/revisions\/34890"}],"wp:attachment":[{"href":"https:\/\/www.freyaestetica.com\/fi\/wp-json\/wp\/v2\/media?parent=26668"}],"wp:term":[{"taxonomy":"dipi_cpt_category","embeddable":true,"href":"https:\/\/www.freyaestetica.com\/fi\/wp-json\/wp\/v2\/dipi_cpt_category?post=26668"}],"curies":[{"name":"wp","href":"https:\/\/api.w.org\/{rel}","templated":true}]}}