{"id":33610,"date":"2025-12-02T14:40:53","date_gmt":"2025-12-02T11:40:53","guid":{"rendered":"https:\/\/www.freyaestetica.com\/?page_id=33610"},"modified":"2025-12-02T14:41:16","modified_gmt":"2025-12-02T11:41:16","slug":"vaihto-oikeus","status":"publish","type":"page","link":"https:\/\/www.freyaestetica.com\/fi\/vaihto-oikeus\/","title":{"rendered":"Vaihto-oikeus"},"content":{"rendered":"<p>[et_pb_section fb_built=&#8221;1&#8243; _builder_version=&#8221;4.27.4&#8243; _module_preset=&#8221;default&#8221; global_colors_info=&#8221;{}&#8221;][et_pb_row _builder_version=&#8221;4.27.4&#8243; _module_preset=&#8221;default&#8221; global_colors_info=&#8221;{}&#8221;][et_pb_column type=&#8221;4_4&#8243; _builder_version=&#8221;4.27.4&#8243; _module_preset=&#8221;default&#8221; global_colors_info=&#8221;{}&#8221;][et_pb_text _builder_version=&#8221;4.27.4&#8243; _module_preset=&#8221;default&#8221; hover_enabled=&#8221;0&#8243; global_colors_info=&#8221;{}&#8221; sticky_enabled=&#8221;0&#8243;]<\/p>\n<h1>Vaihto-oikeus \u2014 joustavuutta kauneuteesi<\/h1>\n<p>Ymm\u00e4rr\u00e4mme, ett\u00e4 jokainen hoito on yksil\u00f6llinen. Siksi tarjoamme <strong>vaihto-oikeuden<\/strong>: voit vaihtaa valitsemasi hoidon toiseen samanarvoiseen hoitoon.<\/p>\n<p><strong>Milloin t\u00e4m\u00e4 on hy\u00f6dyllist\u00e4:<\/strong><br \/>\n\u2022 \tEp\u00e4varmuutta alennettuun palveluun liittyen<br \/>\n\u2022\tHalu varata hoito etuk\u00e4teen ja lukita hinta<br \/>\n\u2022\tLahjakortin antaminen ja halu antaa valinnanvapautta<\/p>\n<p><strong>Kuinka se toimii:<\/strong><br \/>\n\u2022\tKonsultaatio asiantuntijan kanssa \u2192 vaihtoehdon valinta<br \/>\n\u2022\tHinnan erotus maksetaan vain, jos vaihdetaan kalliimpaan hoitoon<br \/>\n\u2022\tHalvempaan hoitoon vaihdettaessa summa s\u00e4ilytet\u00e4\u00e4n talletuksena seuraavaa k\u00e4ynti\u00e4 varten<\/p>\n<p>Vaihto-oikeus koskee sek\u00e4 tavallisia palveluja ett\u00e4 lahjakortteja.<\/p>\n<p><strong>Yhteenveto:<\/strong> Vaihto-oikeus antaa sinulle varmuutta ja vapautta. Freya Estetica luo kauneutta, joka vastaa aina odotuksiasi.[\/et_pb_text][\/et_pb_column][\/et_pb_row][\/et_pb_section]<\/p>\n","protected":false},"excerpt":{"rendered":"<p>Vaihto-oikeus \u2014 joustavuutta kauneuteesi Ymm\u00e4rr\u00e4mme, ett\u00e4 jokainen hoito on yksil\u00f6llinen. Siksi tarjoamme vaihto-oikeuden: voit vaihtaa valitsemasi hoidon toiseen samanarvoiseen hoitoon. Milloin t\u00e4m\u00e4 on hy\u00f6dyllist\u00e4: \u2022 Ep\u00e4varmuutta alennettuun palveluun liittyen \u2022 Halu varata hoito etuk\u00e4teen ja lukita hinta \u2022 Lahjakortin antaminen ja halu antaa valinnanvapautta Kuinka se toimii: \u2022 Konsultaatio asiantuntijan kanssa \u2192 vaihtoehdon valinta \u2022 [&hellip;]<\/p>\n","protected":false},"author":1,"featured_media":0,"parent":0,"menu_order":0,"comment_status":"closed","ping_status":"closed","template":"","meta":{"_et_pb_use_builder":"on","_et_pb_old_content":"[et_pb_section fb_built=\"1\" _builder_version=\"4.27.4\" _module_preset=\"default\" global_colors_info=\"{}\"][et_pb_row _builder_version=\"4.27.4\" _module_preset=\"default\" global_colors_info=\"{}\"][et_pb_column type=\"4_4\" _builder_version=\"4.27.4\" _module_preset=\"default\" global_colors_info=\"{}\"][et_pb_text _builder_version=\"4.27.4\" _module_preset=\"default\" hover_enabled=\"0\" global_colors_info=\"{}\" sticky_enabled=\"0\"]<h1>Vahetamise \u00f5igus \u2014 ilu paindlikkus<\/h1>\r\nMe m\u00f5istame, et iga protseduur on individuaalne. Seet\u00f5ttu pakume <strong>vahetamise \u00f5igust<\/strong>: saate valida juba valitud protseduuri asemel teise sama v\u00f5i sarnase v\u00e4\u00e4rtusega protseduuri.\r\n\r\n<strong>Millal see kasulik on:<\/strong>\r\n\u2022\tKui te ei ole kindel allahinnatud teenuse valikus.\r\n\u2022\tKui soovite teenust ette broneerida ja hinna lukustada.\r\n\u2022\tKui kingite kinkekaardi ja soovite, et saaja saaks ise valida.\r\n\r\n<strong>Kuidas see t\u00f6\u00f6tab:<\/strong>\r\n\u2022\tKonsultatsioon spetsialistiga \u2192 alternatiivi valik\r\n\u2022\tVajadusel tasutakse vahetamisel k\u00f5rgema hinnaga teenuse puhul hinnavahe\r\n\u2022\tOdavama teenuse puhul j\u00e4\u00e4b vahetus summa deponeerituks j\u00e4rgmise visiidi jaoks\r\n\r\nVahetamise \u00f5igus kehtib nii tavateenuste kui ka kinkekaartide puhul.\r\n\r\n<strong>Kokkuv\u00f5te:<\/strong> Vahetamise \u00f5igus annab kindluse ja vabaduse. Freya Estetica loob ilu, mis vastab alati teie ootustele.[\/et_pb_text][\/et_pb_column][\/et_pb_row][\/et_pb_section]","_et_gb_content_width":"","footnotes":""},"dipi_cpt_category":[],"class_list":["post-33610","page","type-page","status-publish","hentry"],"_links":{"self":[{"href":"https:\/\/www.freyaestetica.com\/fi\/wp-json\/wp\/v2\/pages\/33610","targetHints":{"allow":["GET"]}}],"collection":[{"href":"https:\/\/www.freyaestetica.com\/fi\/wp-json\/wp\/v2\/pages"}],"about":[{"href":"https:\/\/www.freyaestetica.com\/fi\/wp-json\/wp\/v2\/types\/page"}],"author":[{"embeddable":true,"href":"https:\/\/www.freyaestetica.com\/fi\/wp-json\/wp\/v2\/users\/1"}],"replies":[{"embeddable":true,"href":"https:\/\/www.freyaestetica.com\/fi\/wp-json\/wp\/v2\/comments?post=33610"}],"version-history":[{"count":3,"href":"https:\/\/www.freyaestetica.com\/fi\/wp-json\/wp\/v2\/pages\/33610\/revisions"}],"predecessor-version":[{"id":33614,"href":"https:\/\/www.freyaestetica.com\/fi\/wp-json\/wp\/v2\/pages\/33610\/revisions\/33614"}],"wp:attachment":[{"href":"https:\/\/www.freyaestetica.com\/fi\/wp-json\/wp\/v2\/media?parent=33610"}],"wp:term":[{"taxonomy":"dipi_cpt_category","embeddable":true,"href":"https:\/\/www.freyaestetica.com\/fi\/wp-json\/wp\/v2\/dipi_cpt_category?post=33610"}],"curies":[{"name":"wp","href":"https:\/\/api.w.org\/{rel}","templated":true}]}}